{"id":210,"date":"2024-04-24T21:25:38","date_gmt":"2024-04-24T21:25:38","guid":{"rendered":"https:\/\/feniks-medika.co.rs\/?page_id=210"},"modified":"2024-04-24T21:29:52","modified_gmt":"2024-04-24T21:29:52","slug":"usluge","status":"publish","type":"page","link":"https:\/\/feniks-medika.co.rs\/en\/usluge\/","title":{"rendered":"Services"},"content":{"rendered":"<div data-elementor-type=\"wp-page\" data-elementor-id=\"210\" class=\"elementor elementor-210\" data-elementor-post-type=\"page\">\n\t\t\t\t\t\t<section class=\"elementor-section elementor-top-section elementor-element elementor-element-1d120df8 elementor-section-boxed elementor-section-height-default elementor-section-height-default\" data-id=\"1d120df8\" data-element_type=\"section\" data-e-type=\"section\" data-settings=\"{&quot;background_background&quot;:&quot;classic&quot;}\">\n\t\t\t\t\t\t\t<div class=\"elementor-background-overlay\"><\/div>\n\t\t\t\t\t\t\t<div class=\"elementor-container elementor-column-gap-default\">\n\t\t\t\t\t<div class=\"elementor-column elementor-col-100 elementor-top-column elementor-element elementor-element-51f6db58\" data-id=\"51f6db58\" data-element_type=\"column\" data-e-type=\"column\">\n\t\t\t<div class=\"elementor-widget-wrap elementor-element-populated\">\n\t\t\t\t\t\t<div class=\"elementor-element elementor-element-5f526b23 animated-fast elementor-invisible elementor-widget elementor-widget-heading\" data-id=\"5f526b23\" data-element_type=\"widget\" data-e-type=\"widget\" data-settings=\"{&quot;_animation_delay&quot;:&quot;200&quot;,&quot;_animation&quot;:&quot;fadeInDown&quot;}\" data-widget_type=\"heading.default\">\n\t\t\t\t<div class=\"elementor-widget-container\">\n\t\t\t\t\t<h1 class=\"elementor-heading-title elementor-size-default\">Services<\/h1>\t\t\t\t<\/div>\n\t\t\t\t<\/div>\n\t\t\t\t<section class=\"elementor-section elementor-inner-section elementor-element elementor-element-351b62f8 elementor-section-boxed elementor-section-height-default elementor-section-height-default\" data-id=\"351b62f8\" data-element_type=\"section\" data-e-type=\"section\">\n\t\t\t\t\t\t<div class=\"elementor-container elementor-column-gap-default\">\n\t\t\t\t\t<div class=\"elementor-column elementor-col-33 elementor-inner-column elementor-element elementor-element-1111f65e\" data-id=\"1111f65e\" data-element_type=\"column\" data-e-type=\"column\">\n\t\t\t<div class=\"elementor-widget-wrap elementor-element-populated\">\n\t\t\t\t\t\t<div class=\"elementor-element elementor-element-34195067 elementor-widget elementor-widget-heading\" data-id=\"34195067\" data-element_type=\"widget\" data-e-type=\"widget\" data-widget_type=\"heading.default\">\n\t\t\t\t<div class=\"elementor-widget-container\">\n\t\t\t\t\t<h6 class=\"elementor-heading-title elementor-size-default\"><a href=\"#\">Home<\/a><\/h6>\t\t\t\t<\/div>\n\t\t\t\t<\/div>\n\t\t\t\t\t<\/div>\n\t\t<\/div>\n\t\t\t\t<div class=\"elementor-column elementor-col-33 elementor-inner-column elementor-element elementor-element-7067ca24\" data-id=\"7067ca24\" data-element_type=\"column\" data-e-type=\"column\">\n\t\t\t<div class=\"elementor-widget-wrap elementor-element-populated\">\n\t\t\t\t\t\t<div class=\"elementor-element elementor-element-5272bae3 elementor-widget elementor-widget-heading\" data-id=\"5272bae3\" data-element_type=\"widget\" data-e-type=\"widget\" data-widget_type=\"heading.default\">\n\t\t\t\t<div class=\"elementor-widget-container\">\n\t\t\t\t\t<h6 class=\"elementor-heading-title elementor-size-default\"><a href=\"#\">&gt;<\/a><\/h6>\t\t\t\t<\/div>\n\t\t\t\t<\/div>\n\t\t\t\t\t<\/div>\n\t\t<\/div>\n\t\t\t\t<div class=\"elementor-column elementor-col-33 elementor-inner-column elementor-element elementor-element-113b1c53\" data-id=\"113b1c53\" data-element_type=\"column\" data-e-type=\"column\">\n\t\t\t<div class=\"elementor-widget-wrap elementor-element-populated\">\n\t\t\t\t\t\t<div class=\"elementor-element elementor-element-4381146e elementor-widget elementor-widget-heading\" data-id=\"4381146e\" data-element_type=\"widget\" data-e-type=\"widget\" data-widget_type=\"heading.default\">\n\t\t\t\t<div class=\"elementor-widget-container\">\n\t\t\t\t\t<h6 class=\"elementor-heading-title elementor-size-default\"><a href=\"#\">Services<\/a><\/h6>\t\t\t\t<\/div>\n\t\t\t\t<\/div>\n\t\t\t\t\t<\/div>\n\t\t<\/div>\n\t\t\t\t\t<\/div>\n\t\t<\/section>\n\t\t\t\t\t<\/div>\n\t\t<\/div>\n\t\t\t\t\t<\/div>\n\t\t<\/section>\n\t\t\t\t<section class=\"elementor-section elementor-top-section elementor-element elementor-element-6349b172 elementor-section-boxed elementor-section-height-default elementor-section-height-default\" data-id=\"6349b172\" data-element_type=\"section\" data-e-type=\"section\">\n\t\t\t\t\t\t<div class=\"elementor-container elementor-column-gap-default\">\n\t\t\t\t\t<div class=\"elementor-column elementor-col-100 elementor-top-column elementor-element elementor-element-783209a1\" data-id=\"783209a1\" data-element_type=\"column\" data-e-type=\"column\">\n\t\t\t<div class=\"elementor-widget-wrap elementor-element-populated\">\n\t\t\t\t\t\t<div class=\"elementor-element elementor-element-50dc6a2f elementor-widget elementor-widget-heading\" data-id=\"50dc6a2f\" data-element_type=\"widget\" data-e-type=\"widget\" data-widget_type=\"heading.default\">\n\t\t\t\t<div class=\"elementor-widget-container\">\n\t\t\t\t\t<h6 class=\"elementor-heading-title elementor-size-default\">Our Services<\/h6>\t\t\t\t<\/div>\n\t\t\t\t<\/div>\n\t\t\t\t<div class=\"elementor-element elementor-element-41b924b8 elementor-invisible elementor-widget elementor-widget-heading\" data-id=\"41b924b8\" data-element_type=\"widget\" data-e-type=\"widget\" data-settings=\"{&quot;_animation&quot;:&quot;fadeInDown&quot;}\" data-widget_type=\"heading.default\">\n\t\t\t\t<div class=\"elementor-widget-container\">\n\t\t\t\t\t<h2 class=\"elementor-heading-title elementor-size-default\">Maintenance and Service: Your Partner in Maintaining Efficiency<\/h2>\t\t\t\t<\/div>\n\t\t\t\t<\/div>\n\t\t\t\t<div class=\"elementor-element elementor-element-7b9aba9 elementor-widget elementor-widget-text-editor\" data-id=\"7b9aba9\" data-element_type=\"widget\" data-e-type=\"widget\" data-widget_type=\"text-editor.default\">\n\t\t\t\t<div class=\"elementor-widget-container\">\n\t\t\t\t\t\t\t\t\t<p>Our range of services covers a wide spectrum to meet the diverse needs of our clients. Regular and service maintenance of equipment represent only one segment of our comprehensive offer.<\/p><p><strong>Regular equipment maintenance:<\/strong> We offer regular medical equipment maintenance to ensure your equipment is functioning flawlessly. Our specialized staff regularly performs checks and preventive interventions in order to minimize the risk of breakdowns and extend the service life of the equipment.<\/p><p><strong>Service maintenance of equipment:<\/strong> When problems arise, our team of experts is here to provide fast and efficient support. We have experts for every segment of medical equipment, ready to respond to the most difficult requests of users throughout the Republic of Serbia. Regardless of the location, you can count on us to solve any problem as quickly as possible.<\/p><p><strong>Availability throughout the territory of the Republic of Serbia:<\/strong> Our network of service centers allows us to provide maintenance and servicing services throughout the country. Regardless of your location, you can count on our presence and support.<\/p><p>Sa Feniks-Medikom, mo\u017eete biti sigurni da Va\u0161a medicinska oprema uvek funkcioni\u0161e optimalno, pru\u017eaju\u0107i najbolju mogu\u0107u zdravstvenu negu Va\u0161im pacijentima.<\/p>\t\t\t\t\t\t\t\t<\/div>\n\t\t\t\t<\/div>\n\t\t\t\t<div class=\"elementor-element elementor-element-be5cf5e elementor-align-center elementor-widget elementor-widget-button\" data-id=\"be5cf5e\" data-element_type=\"widget\" data-e-type=\"widget\" data-widget_type=\"button.default\">\n\t\t\t\t<div class=\"elementor-widget-container\">\n\t\t\t\t\t\t\t\t\t<div class=\"elementor-button-wrapper\">\n\t\t\t\t\t<a class=\"elementor-button elementor-button-link elementor-size-sm\" href=\"https:\/\/feniks-medika.co.rs\/en\/kontakt\/\">\n\t\t\t\t\t\t<span class=\"elementor-button-content-wrapper\">\n\t\t\t\t\t\t\t\t\t<span class=\"elementor-button-text\">Contact us!<\/span>\n\t\t\t\t\t<\/span>\n\t\t\t\t\t<\/a>\n\t\t\t\t<\/div>\n\t\t\t\t\t\t\t\t<\/div>\n\t\t\t\t<\/div>\n\t\t\t\t<div class=\"elementor-element elementor-element-f8c75d2 elementor-widget elementor-widget-spacer\" data-id=\"f8c75d2\" data-element_type=\"widget\" data-e-type=\"widget\" data-widget_type=\"spacer.default\">\n\t\t\t\t<div class=\"elementor-widget-container\">\n\t\t\t\t\t\t\t<div class=\"elementor-spacer\">\n\t\t\t<div class=\"elementor-spacer-inner\"><\/div>\n\t\t<\/div>\n\t\t\t\t\t\t<\/div>\n\t\t\t\t<\/div>\n\t\t\t\t\t<\/div>\n\t\t<\/div>\n\t\t\t\t\t<\/div>\n\t\t<\/section>\n\t\t\t\t<\/div>","protected":false},"excerpt":{"rendered":"<p>usluge Po\u010detna &gt; Usluge Na\u0161e Usluge Odr\u017eavanje i Servis: Va\u0161 Partner u O\u010duvanju Efikasnosti Na\u0161 asortiman usluga obuhvata \u0161irok spektar kako bismo zadovoljili razli\u010dite potrebe na\u0161ih klijenata. Redovno i servisno odr\u017eavanje opreme predstavljaju samo jedan segment na\u0161e sveobuhvatne ponude. Redovno odr\u017eavanje opreme: Nudimo redovno odr\u017eavanje medicinske opreme kako bismo osigurali da Va\u0161a oprema besprekorno funkcioni\u0161e. [&hellip;]<\/p>\n","protected":false},"author":1,"featured_media":0,"parent":0,"menu_order":0,"comment_status":"closed","ping_status":"closed","template":"","meta":{"footnotes":""},"class_list":["post-210","page","type-page","status-publish","hentry"],"_links":{"self":[{"href":"https:\/\/feniks-medika.co.rs\/en\/wp-json\/wp\/v2\/pages\/210","targetHints":{"allow":["GET"]}}],"collection":[{"href":"https:\/\/feniks-medika.co.rs\/en\/wp-json\/wp\/v2\/pages"}],"about":[{"href":"https:\/\/feniks-medika.co.rs\/en\/wp-json\/wp\/v2\/types\/page"}],"author":[{"embeddable":true,"href":"https:\/\/feniks-medika.co.rs\/en\/wp-json\/wp\/v2\/users\/1"}],"replies":[{"embeddable":true,"href":"https:\/\/feniks-medika.co.rs\/en\/wp-json\/wp\/v2\/comments?post=210"}],"version-history":[{"count":10,"href":"https:\/\/feniks-medika.co.rs\/en\/wp-json\/wp\/v2\/pages\/210\/revisions"}],"predecessor-version":[{"id":224,"href":"https:\/\/feniks-medika.co.rs\/en\/wp-json\/wp\/v2\/pages\/210\/revisions\/224"}],"wp:attachment":[{"href":"https:\/\/feniks-medika.co.rs\/en\/wp-json\/wp\/v2\/media?parent=210"}],"curies":[{"name":"wp","href":"https:\/\/api.w.org\/{rel}","templated":true}]}}